{"id":118572,"date":"2022-11-21T20:13:06","date_gmt":"2022-11-21T19:13:06","guid":{"rendered":"https:\/\/preprod.kingspirit.fr\/jfk-rum-product-sheet\/"},"modified":"2024-06-13T12:28:16","modified_gmt":"2024-06-13T10:28:16","slug":"jfk-rum-product-sheet","status":"publish","type":"page","link":"https:\/\/www.kingspirit.com\/en\/jfk-rum-product-sheet\/","title":{"rendered":"JFK Rum product sheet"},"content":{"rendered":"<div class=\"wpb-content-wrapper\"><p>[vc_row unlock_row_content=&#8221;yes&#8221; row_height_percent=&#8221;0&#8243; override_padding=&#8221;yes&#8221; h_padding=&#8221;3&#8243; top_padding=&#8221;3&#8243; bottom_padding=&#8221;4&#8243; overlay_alpha=&#8221;50&#8243; gutter_size=&#8221;3&#8243; column_width_percent=&#8221;100&#8243; shift_y=&#8221;0&#8243; z_index=&#8221;0&#8243; enable_bottom_divider=&#8221;default&#8221; bottom_divider_inv=&#8221;gradient&#8221; shape_bottom_invert=&#8221;yes&#8221; shape_bottom_h_use_pixel=&#8221;&#8221; shape_bottom_height=&#8221;150&#8243; shape_bottom_color=&#8221;color-xsdn&#8221; shape_bottom_opacity=&#8221;100&#8243; shape_bottom_index=&#8221;0&#8243; uncode_shortcode_id=&#8221;159074&#8243; back_color_type=&#8221;uncode-gradient&#8221; shape_bottom_color_type=&#8221;uncode-palette&#8221; back_color_gradient=&#8221;{&#8220;css&#8220;:&#8220;background: linear-gradient(to right , rgb(238, 238, 238) 29% , rgba(218, 174, 62, 0.15) 99%);&#8220;,&#8220;sliders&#8220;:`{`{&#8220;color&#8220;:&#8220;rgb(238, 238, 238)&#8220;,&#8220;position&#8220;:29},{&#8220;color&#8220;:&#8220;rgba(218, 174, 62, 0.15)&#8220;,&#8220;position&#8220;:99}`}`,&#8220;type&#8220;:&#8220;linear&#8220;,&#8220;direction&#8220;:&#8220;left&#8220;}&#8221;][vc_column column_width_percent=&#8221;100&#8243; gutter_size=&#8221;3&#8243; overlay_alpha=&#8221;50&#8243; shift_x=&#8221;0&#8243; shift_y=&#8221;0&#8243; shift_y_down=&#8221;0&#8243; z_index=&#8221;0&#8243; medium_width=&#8221;0&#8243; mobile_width=&#8221;0&#8243; width=&#8221;1\/1&#8243;][vc_row_inner row_inner_height_percent=&#8221;0&#8243; overlay_alpha=&#8221;50&#8243; gutter_size=&#8221;4&#8243; shift_y=&#8221;0&#8243; z_index=&#8221;0&#8243; inverted_device_order=&#8221;yes&#8221; uncode_shortcode_id=&#8221;197246&#8243;][vc_column_inner column_width_use_pixel=&#8221;yes&#8221; position_horizontal=&#8221;right&#8221; align_horizontal=&#8221;align_right&#8221; gutter_size=&#8221;2&#8243; style=&#8221;light&#8221; overlay_alpha=&#8221;50&#8243; shift_x=&#8221;0&#8243; shift_y=&#8221;0&#8243; shift_y_down=&#8221;0&#8243; z_index=&#8221;0&#8243; medium_width=&#8221;4&#8243; align_mobile=&#8221;align_center_mobile&#8221; mobile_width=&#8221;0&#8243; width=&#8221;1\/2&#8243; uncode_shortcode_id=&#8221;142634&#8243; column_width_pixel=&#8221;460&#8243;][vc_custom_heading text_color=&#8221;color-prif&#8221; heading_semantic=&#8221;p&#8221; text_font=&#8221;font-171029&#8243; text_weight=&#8221;500&#8243; uncode_shortcode_id=&#8221;203446&#8243; text_color_type=&#8221;uncode-palette&#8221;]Just For Kings (JFK) range[\/vc_custom_heading][vc_custom_heading text_color=&#8221;accent&#8221; heading_semantic=&#8221;h1&#8243; text_font=&#8221;font-171029&#8243; text_weight=&#8221;500&#8243; uncode_shortcode_id=&#8221;548142&#8243; text_color_type=&#8221;uncode-palette&#8221;]Kikongo, Jungle Rum[\/vc_custom_heading][vc_separator sep_color=&#8221;color-uydo&#8221; uncode_shortcode_id=&#8221;275051&#8243; sep_color_type=&#8221;uncode-palette&#8221; el_height=&#8221;1px&#8221;][vc_column_text text_color=&#8221;color-prif&#8221; uncode_shortcode_id=&#8221;838075&#8243; text_color_type=&#8221;uncode-palette&#8221;]This rum from South Africa is the guarantee of an exotic journey to discover powerful and generous flavors. Blend refined in Cognac barrels.[\/vc_column_text][vc_single_image media=&#8221;121471&#8243; media_width_use_pixel=&#8221;yes&#8221; alignment=&#8221;right&#8221; shape=&#8221;img-round&#8221; uncode_shortcode_id=&#8221;104974&#8243; media_width_pixel=&#8221;360&#8243;][vc_empty_space empty_h=&#8221;1&#8243;][vc_custom_heading text_color=&#8221;color-prif&#8221; heading_semantic=&#8221;p&#8221; text_font=&#8221;font-175345&#8243; text_size=&#8221;h6&#8243; text_weight=&#8221;500&#8243; uncode_shortcode_id=&#8221;632318&#8243; text_color_type=&#8221;uncode-palette&#8221;]Distribution \/ contact:[\/vc_custom_heading][vc_column_text text_lead=&#8221;small&#8221; uncode_shortcode_id=&#8221;178238&#8243;]FAMILLE CABANNE<br \/>\nHawkins Distribution<br \/>\n5, Chemin du Maine Gaillard<br \/>\n16200 BOURG CHARENTE &#8211; FRANCE[\/vc_column_text][vc_button border_width=&#8221;0&#8243; icon_position=&#8221;right&#8221; link=&#8221;url:%23formpro|title:Contact%20us|rel:nofollow|&#8221; uncode_shortcode_id=&#8221;102220&#8243; icon=&#8221;fa fa-envelope-o&#8221;]Contact us[\/vc_button][\/vc_column_inner][vc_column_inner column_width_use_pixel=&#8221;yes&#8221; gutter_size=&#8221;3&#8243; override_padding=&#8221;yes&#8221; column_padding=&#8221;1&#8243; overlay_alpha=&#8221;50&#8243; shift_x=&#8221;0&#8243; shift_y=&#8221;-5&#8243; shift_y_fixed=&#8221;yes&#8221; shift_y_down=&#8221;0&#8243; z_index=&#8221;0&#8243; medium_width=&#8221;2&#8243; mobile_width=&#8221;0&#8243; css_animation=&#8221;bottom-t-top&#8221; animation_speed=&#8221;800&#8243; animation_delay=&#8221;500&#8243; width=&#8221;1\/2&#8243; uncode_shortcode_id=&#8221;121422&#8243; column_width_pixel=&#8221;800&#8243;][vc_single_image media=&#8221;92445&#8243; media_width_use_pixel=&#8221;yes&#8221; uncode_shortcode_id=&#8221;159932&#8243; media_width_pixel=&#8221;320&#8243;][\/vc_column_inner][\/vc_row_inner][\/vc_column][\/vc_row][vc_row][vc_column width=&#8221;1\/1&#8243;][uncode_block id=&#8221;92720&#8243;][\/vc_column][\/vc_row][vc_row][vc_column width=&#8221;1\/1&#8243;][uncode_block id=&#8221;93613&#8243;][\/vc_column][\/vc_row]<\/p>\n<\/div>","protected":false},"excerpt":{"rendered":"<p>[vc_row unlock_row_content=&#8221;yes&#8221; row_height_percent=&#8221;0&#8243; override_padding=&#8221;yes&#8221; h_padding=&#8221;3&#8243; top_padding=&#8221;3&#8243; bottom_padding=&#8221;4&#8243; overlay_alpha=&#8221;50&#8243; gutter_size=&#8221;3&#8243; column_width_percent=&#8221;100&#8243; shift_y=&#8221;0&#8243; z_index=&#8221;0&#8243; enable_bottom_divider=&#8221;default&#8221; bottom_divider_inv=&#8221;gradient&#8221; shape_bottom_invert=&#8221;yes&#8221; shape_bottom_h_use_pixel=&#8221;&#8221; shape_bottom_height=&#8221;150&#8243; shape_bottom_color=&#8221;color-xsdn&#8221; shape_bottom_opacity=&#8221;100&#8243; shape_bottom_index=&#8221;0&#8243; [&hellip;]<\/p>\n","protected":false},"author":1,"featured_media":0,"parent":0,"menu_order":0,"comment_status":"closed","ping_status":"closed","template":"","meta":{"_seopress_robots_primary_cat":"","_seopress_titles_title":"Bouteille de rhum | Gamme JFK | Kinspirit","_seopress_titles_desc":"D\u00e9couvrez un Rhum ambr\u00e9 originaire d\u2019Afrique du Sud, la garantie d\u2019un voyage exotique \u00e0 la rencontre de saveurs puissantes et g\u00e9n\u00e9reuses. Assemblage affin\u00e9 en f\u00fbts de Cognac","_seopress_robots_index":"","content-type":"","footnotes":""},"class_list":["post-118572","page","type-page","status-publish","hentry"],"_links":{"self":[{"href":"https:\/\/www.kingspirit.com\/en\/wp-json\/wp\/v2\/pages\/118572","targetHints":{"allow":["GET"]}}],"collection":[{"href":"https:\/\/www.kingspirit.com\/en\/wp-json\/wp\/v2\/pages"}],"about":[{"href":"https:\/\/www.kingspirit.com\/en\/wp-json\/wp\/v2\/types\/page"}],"author":[{"embeddable":true,"href":"https:\/\/www.kingspirit.com\/en\/wp-json\/wp\/v2\/users\/1"}],"replies":[{"embeddable":true,"href":"https:\/\/www.kingspirit.com\/en\/wp-json\/wp\/v2\/comments?post=118572"}],"version-history":[{"count":5,"href":"https:\/\/www.kingspirit.com\/en\/wp-json\/wp\/v2\/pages\/118572\/revisions"}],"predecessor-version":[{"id":121515,"href":"https:\/\/www.kingspirit.com\/en\/wp-json\/wp\/v2\/pages\/118572\/revisions\/121515"}],"wp:attachment":[{"href":"https:\/\/www.kingspirit.com\/en\/wp-json\/wp\/v2\/media?parent=118572"}],"curies":[{"name":"wp","href":"https:\/\/api.w.org\/{rel}","templated":true}]}}