{"id":119862,"date":"2022-11-21T18:17:17","date_gmt":"2022-11-21T17:17:17","guid":{"rendered":"https:\/\/www.kingspirit.com\/ficha-del-whisky-jfk\/"},"modified":"2024-06-13T12:32:35","modified_gmt":"2024-06-13T10:32:35","slug":"ficha-del-whisky-jfk","status":"publish","type":"page","link":"https:\/\/www.kingspirit.com\/es\/ficha-del-whisky-jfk\/","title":{"rendered":"Ficha del whisky JFK"},"content":{"rendered":"<div class=\"wpb-content-wrapper\"><p>[vc_row unlock_row_content=\u00bbyes\u00bb row_height_percent=\u00bb0&#8243; override_padding=\u00bbyes\u00bb h_padding=\u00bb3&#8243; top_padding=\u00bb3&#8243; bottom_padding=\u00bb4&#8243; overlay_alpha=\u00bb50&#8243; gutter_size=\u00bb3&#8243; column_width_percent=\u00bb100&#8243; shift_y=\u00bb0&#8243; z_index=\u00bb0&#8243; enable_bottom_divider=\u00bbdefault\u00bb bottom_divider_inv=\u00bbgradient\u00bb shape_bottom_invert=\u00bbyes\u00bb shape_bottom_h_use_pixel=\u00bb\u00bb shape_bottom_height=\u00bb150&#8243; shape_bottom_color=\u00bbcolor-xsdn\u00bb shape_bottom_opacity=\u00bb100&#8243; shape_bottom_index=\u00bb0&#8243; uncode_shortcode_id=\u00bb231197&#8243; back_color_type=\u00bbuncode-gradient\u00bb shape_bottom_color_type=\u00bbuncode-palette\u00bb back_color_gradient=\u00bb{\u00abcss\u00ab:\u00abbackground: linear-gradient(to right , rgb(242, 242, 242) 19% , rgba(194, 124, 2, 0.12) 97%);\u00ab,\u00absliders\u00ab:`{`{\u00abcolor\u00ab:\u00abrgb(242, 242, 242)\u00ab,\u00abposition\u00ab:19},{\u00abcolor\u00ab:\u00abrgba(194, 124, 2, 0.12)\u00ab,\u00abposition\u00ab:97}`}`,\u00abtype\u00ab:\u00ablinear\u00ab,\u00abdirection\u00ab:\u00ableft\u00ab}\u00bb][vc_column column_width_percent=\u00bb100&#8243; gutter_size=\u00bb3&#8243; overlay_alpha=\u00bb50&#8243; shift_x=\u00bb0&#8243; shift_y=\u00bb0&#8243; shift_y_down=\u00bb0&#8243; z_index=\u00bb0&#8243; medium_width=\u00bb0&#8243; mobile_width=\u00bb0&#8243; width=\u00bb1\/1&#8243;][vc_row_inner row_inner_height_percent=\u00bb0&#8243; overlay_alpha=\u00bb50&#8243; gutter_size=\u00bb4&#8243; shift_y=\u00bb0&#8243; z_index=\u00bb0&#8243; inverted_device_order=\u00bbyes\u00bb uncode_shortcode_id=\u00bb197246&#8243;][vc_column_inner column_width_use_pixel=\u00bbyes\u00bb position_horizontal=\u00bbright\u00bb align_horizontal=\u00bbalign_right\u00bb gutter_size=\u00bb2&#8243; style=\u00bblight\u00bb overlay_alpha=\u00bb50&#8243; shift_x=\u00bb0&#8243; shift_y=\u00bb0&#8243; shift_y_down=\u00bb0&#8243; z_index=\u00bb0&#8243; medium_width=\u00bb4&#8243; align_mobile=\u00bbalign_center_mobile\u00bb mobile_width=\u00bb0&#8243; width=\u00bb1\/2&#8243; uncode_shortcode_id=\u00bb142634&#8243; column_width_pixel=\u00bb460&#8243;][vc_custom_heading text_color=\u00bbcolor-prif\u00bb heading_semantic=\u00bbp\u00bb text_font=\u00bbfont-171029&#8243; text_size=\u00bbh5&#8243; text_weight=\u00bb500&#8243; uncode_shortcode_id=\u00bb633378&#8243; text_color_type=\u00bbuncode-palette\u00bb]Gama Just For Kings (JFK)[\/vc_custom_heading][vc_custom_heading text_color=\u00bbaccent\u00bb heading_semantic=\u00bbh1&#8243; text_font=\u00bbfont-171029&#8243; text_weight=\u00bb500&#8243; uncode_shortcode_id=\u00bb422339&#8243; text_color_type=\u00bbuncode-palette\u00bb]Whisky Lordly 6 a\u00f1os[\/vc_custom_heading][vc_separator sep_color=\u00bbcolor-uydo\u00bb uncode_shortcode_id=\u00bb275051&#8243; sep_color_type=\u00bbuncode-palette\u00bb el_height=\u00bb1px\u00bb][vc_column_text text_color=\u00bbcolor-prif\u00bb uncode_shortcode_id=\u00bb208811&#8243; text_color_type=\u00bbuncode-palette\u00bb]Un whisky de 6 a\u00f1os que impone su identidad por su equilibrio floral y sus notas amaderadas[\/vc_column_text][vc_single_image media=\u00bb121536&#8243; media_width_use_pixel=\u00bbyes\u00bb alignment=\u00bbright\u00bb shape=\u00bbimg-round\u00bb uncode_shortcode_id=\u00bb940819&#8243; media_width_pixel=\u00bb360&#8243;][vc_empty_space empty_h=\u00bb1&#8243;][vc_custom_heading text_color=\u00bbcolor-prif\u00bb heading_semantic=\u00bbp\u00bb text_font=\u00bbfont-175345&#8243; text_size=\u00bbh6&#8243; text_weight=\u00bb500&#8243; uncode_shortcode_id=\u00bb632318&#8243; text_color_type=\u00bbuncode-palette\u00bb]Distribuci\u00f3n \/ contacto :[\/vc_custom_heading][vc_column_text text_lead=\u00bbsmall\u00bb uncode_shortcode_id=\u00bb178238&#8243;]FAMILIA CABANNE<br \/>\nDistribuci\u00f3n Hawkins<br \/>\n5, Chemin du Maine Gaillard<br \/>\n16200 BOURG CHARENTE &#8211; FRANCIA[\/vc_column_text][vc_button border_width=\u00bb0&#8243; icon_position=\u00bbright\u00bb link=\u00bburl:%23formpro|title:Contacto%20con%20nosotros|rel:nofollow|\u00bb uncode_shortcode_id=\u00bb102220&#8243; icon=\u00bbfa fa-envelope-o\u00bb]Contacto con nosotros[\/vc_button][\/vc_column_inner][vc_column_inner column_width_use_pixel=\u00bbyes\u00bb gutter_size=\u00bb3&#8243; override_padding=\u00bbyes\u00bb column_padding=\u00bb1&#8243; overlay_alpha=\u00bb50&#8243; shift_x=\u00bb0&#8243; shift_y=\u00bb-5&#8243; shift_y_fixed=\u00bbyes\u00bb shift_y_down=\u00bb0&#8243; z_index=\u00bb0&#8243; medium_width=\u00bb2&#8243; mobile_width=\u00bb0&#8243; css_animation=\u00bbbottom-t-top\u00bb animation_speed=\u00bb800&#8243; animation_delay=\u00bb500&#8243; width=\u00bb1\/2&#8243; uncode_shortcode_id=\u00bb121422&#8243; column_width_pixel=\u00bb800&#8243;][vc_single_image media=\u00bb92457&#8243; media_width_use_pixel=\u00bbyes\u00bb uncode_shortcode_id=\u00bb115713&#8243; media_width_pixel=\u00bb320&#8243;][\/vc_column_inner][\/vc_row_inner][\/vc_column][\/vc_row][vc_row][vc_column width=\u00bb1\/1&#8243;][uncode_block id=\u00bb92720&#8243;][\/vc_column][\/vc_row][vc_row][vc_column width=\u00bb1\/1&#8243;][uncode_block id=\u00bb93613&#8243;][\/vc_column][\/vc_row]<\/p>\n<\/div>","protected":false},"excerpt":{"rendered":"<p>Firma sofisticada, la gama JFK adopta el aspecto sobrio y elegante de los reinados apagados sin perder el car\u00e1cter majestuoso de los Reyes.<\/p>\n","protected":false},"author":1,"featured_media":0,"parent":0,"menu_order":0,"comment_status":"closed","ping_status":"closed","template":"","meta":{"_seopress_robots_primary_cat":"","_seopress_titles_title":"Whisky Franc\u00e9s 6 A\u00f1os | Gama JFK | Kingspirit","_seopress_titles_desc":"Descubra un whisky franc\u00e9s de edici\u00f3n limitada, perfectamente adaptado a la venta en bodegas y supermercados, con un precio calibrado y un envase inconfundible.","_seopress_robots_index":"","content-type":"","footnotes":""},"class_list":["post-119862","page","type-page","status-publish","hentry"],"_links":{"self":[{"href":"https:\/\/www.kingspirit.com\/es\/wp-json\/wp\/v2\/pages\/119862","targetHints":{"allow":["GET"]}}],"collection":[{"href":"https:\/\/www.kingspirit.com\/es\/wp-json\/wp\/v2\/pages"}],"about":[{"href":"https:\/\/www.kingspirit.com\/es\/wp-json\/wp\/v2\/types\/page"}],"author":[{"embeddable":true,"href":"https:\/\/www.kingspirit.com\/es\/wp-json\/wp\/v2\/users\/1"}],"replies":[{"embeddable":true,"href":"https:\/\/www.kingspirit.com\/es\/wp-json\/wp\/v2\/comments?post=119862"}],"version-history":[{"count":5,"href":"https:\/\/www.kingspirit.com\/es\/wp-json\/wp\/v2\/pages\/119862\/revisions"}],"predecessor-version":[{"id":121550,"href":"https:\/\/www.kingspirit.com\/es\/wp-json\/wp\/v2\/pages\/119862\/revisions\/121550"}],"wp:attachment":[{"href":"https:\/\/www.kingspirit.com\/es\/wp-json\/wp\/v2\/media?parent=119862"}],"curies":[{"name":"wp","href":"https:\/\/api.w.org\/{rel}","templated":true}]}}