{"id":119902,"date":"2022-11-20T12:00:14","date_gmt":"2022-11-20T11:00:14","guid":{"rendered":"https:\/\/www.kingspirit.com\/contacto-con-nosotros\/"},"modified":"2023-03-16T10:30:04","modified_gmt":"2023-03-16T09:30:04","slug":"contacto-con-nosotros","status":"publish","type":"page","link":"https:\/\/www.kingspirit.com\/es\/contacto-con-nosotros\/","title":{"rendered":"Contacto con nosotros"},"content":{"rendered":"<div class=\"wpb-content-wrapper\"><p>[vc_row row_height_percent=\u00bb0&#8243; override_padding=\u00bbyes\u00bb h_padding=\u00bb0&#8243; top_padding=\u00bb4&#8243; bottom_padding=\u00bb4&#8243; overlay_alpha=\u00bb50&#8243; gutter_size=\u00bb3&#8243; column_width_percent=\u00bb100&#8243; shift_y=\u00bb0&#8243; z_index=\u00bb0&#8243; enable_bottom_divider=\u00bbdefault\u00bb bottom_divider_inv=\u00bbgradient\u00bb shape_bottom_invert=\u00bbyes\u00bb shape_bottom_h_use_pixel=\u00bb\u00bb shape_bottom_height=\u00bb200&#8243; shape_bottom_color=\u00bbcolor-jevc\u00bb shape_bottom_opacity=\u00bb100&#8243; shape_bottom_index=\u00bb0&#8243; uncode_shortcode_id=\u00bb117328&#8243; shape_dividers=\u00bb\u00bb shape_bottom_color_type=\u00bbuncode-palette\u00bb][vc_column column_width_use_pixel=\u00bbyes\u00bb align_horizontal=\u00bbalign_center\u00bb gutter_size=\u00bb3&#8243; overlay_alpha=\u00bb50&#8243; shift_x=\u00bb0&#8243; shift_y=\u00bb-4&#8243; shift_y_fixed=\u00bbyes\u00bb shift_y_down=\u00bb0&#8243; z_index=\u00bb10&#8243; medium_width=\u00bb0&#8243; mobile_width=\u00bb0&#8243; width=\u00bb1\/1&#8243; uncode_shortcode_id=\u00bb189723&#8243; column_width_pixel=\u00bb800&#8243;][vc_raw_js]JTNDJTIxLS0lMjBGb3JtQ3JhZnRzJTIwSmF2YVNjcmlwdCUyMGVtYmVkJTIwY29kZSUyMC0tJTNFJTBBJTNDc2NyaXB0JTIwdHlwZSUzRCUyN3RleHQlMkZqYXZhc2NyaXB0JTI3JTNFdmFyJTIwX2ZvJTNEX2ZvJTNGX2ZvJTNBJTVCJTVEJTNCX2ZvLnB1c2glMjglN0IlMjdjJTI3JTNBJTI3aGRtcXMlMjclMkMlMjdpJTI3JTNBJTI3eXlzdXVkYyUyNyUyQyUyN20lMjclM0EwJTJDJTI3cyUyNyUzQTAlMkMlMjd3JTI3JTNBNDkwJTJDJTI3dCUyNyUzQSUyN3JnYmElMjgxODAlMkMlMjAxNTElMkMlMjA5MCUyQyUyMDElMjklMjclN0QlMjklM0IlMjBpZiUyMCUyOHR5cGVvZiUyMGZjZSUzRCUzRCUyN3VuZGVmaW5lZCUyNyUyOSUyMCU3QnZhciUyMHMlM0Rkb2N1bWVudC5jcmVhdGVFbGVtZW50JTI4JTI3c2NyaXB0JTI3JTI5JTNCcy50eXBlJTNEJTI3dGV4dCUyRmphdmFzY3JpcHQlMjclM0IlMjBzLmFzeW5jJTNEdHJ1ZSUzQiUyMHMuc3JjJTNEJTI3aHR0cHMlM0ElMkYlMkZmb3JtY3JhZnRzLmNvbSUyRmpzJTJGZmMuanMlMjclM0IlMjBkb2N1bWVudC5ib2R5LmFwcGVuZENoaWxkJTI4cyUyOSUzQmZjZSUzRDElM0IlN0QlM0MlMkZzY3JpcHQlM0UlMEElM0NkaXYlMjBpZCUzRCUyN2hkbXFzJTI3JTIwc3R5bGUlM0QlMjdoZWlnaHQlM0E2NTNweCUyNyUzRSUzQyUyRmRpdiUzRQ==[\/vc_raw_js][\/vc_column][\/vc_row]<\/p>\n<\/div>","protected":false},"excerpt":{"rendered":"<p>Si tiene alguna pregunta sobre nuestros productos o desea recibir m\u00e1s informaci\u00f3n, p\u00f3ngase en contacto con nosotros rellenando el siguiente formulario:  <\/p>\n","protected":false},"author":1,"featured_media":0,"parent":0,"menu_order":0,"comment_status":"closed","ping_status":"closed","template":"","meta":{"_seopress_robots_primary_cat":"","_seopress_titles_title":"","_seopress_titles_desc":"","_seopress_robots_index":"yes","content-type":"","footnotes":""},"class_list":["post-119902","page","type-page","status-publish","hentry"],"_links":{"self":[{"href":"https:\/\/www.kingspirit.com\/es\/wp-json\/wp\/v2\/pages\/119902","targetHints":{"allow":["GET"]}}],"collection":[{"href":"https:\/\/www.kingspirit.com\/es\/wp-json\/wp\/v2\/pages"}],"about":[{"href":"https:\/\/www.kingspirit.com\/es\/wp-json\/wp\/v2\/types\/page"}],"author":[{"embeddable":true,"href":"https:\/\/www.kingspirit.com\/es\/wp-json\/wp\/v2\/users\/1"}],"replies":[{"embeddable":true,"href":"https:\/\/www.kingspirit.com\/es\/wp-json\/wp\/v2\/comments?post=119902"}],"version-history":[{"count":2,"href":"https:\/\/www.kingspirit.com\/es\/wp-json\/wp\/v2\/pages\/119902\/revisions"}],"predecessor-version":[{"id":120899,"href":"https:\/\/www.kingspirit.com\/es\/wp-json\/wp\/v2\/pages\/119902\/revisions\/120899"}],"wp:attachment":[{"href":"https:\/\/www.kingspirit.com\/es\/wp-json\/wp\/v2\/media?parent=119902"}],"curies":[{"name":"wp","href":"https:\/\/api.w.org\/{rel}","templated":true}]}}