{"id":119903,"date":"2022-02-13T15:55:24","date_gmt":"2022-02-13T14:55:24","guid":{"rendered":"https:\/\/www.kingspirit.com\/informacion-legal\/"},"modified":"2023-04-19T11:22:38","modified_gmt":"2023-04-19T09:22:38","slug":"informacion-legal","status":"publish","type":"page","link":"https:\/\/www.kingspirit.com\/es\/informacion-legal\/","title":{"rendered":"Informaci\u00f3n legal"},"content":{"rendered":"<div class=\"wpb-content-wrapper\"><p>[vc_row row_height_percent=\u00bb0&#8243; override_padding=\u00bbyes\u00bb h_padding=\u00bb2&#8243; top_padding=\u00bb4&#8243; bottom_padding=\u00bb2&#8243; overlay_alpha=\u00bb50&#8243; gutter_size=\u00bb3&#8243; column_width_percent=\u00bb100&#8243; shift_y=\u00bb0&#8243; z_index=\u00bb0&#8243;][vc_column column_width_use_pixel=\u00bbyes\u00bb gutter_size=\u00bb3&#8243; style=\u00bblight\u00bb overlay_alpha=\u00bb50&#8243; shift_x=\u00bb0&#8243; shift_y=\u00bb0&#8243; shift_y_down=\u00bb0&#8243; z_index=\u00bb0&#8243; medium_width=\u00bb0&#8243; mobile_width=\u00bb0&#8243; width=\u00bb1\/1&#8243; uncode_shortcode_id=\u00bb996564&#8243; column_width_pixel=\u00bb900&#8243;][vc_custom_heading auto_text=\u00bbyes\u00bb heading_semantic=\u00bbh1&#8243; text_transform=\u00bbuppercase\u00bb uncode_shortcode_id=\u00bb528622&#8243;][\/vc_custom_heading][vc_column_text uncode_shortcode_id=\u00bb119773&#8243;]<\/p>\n<p class=\"p3\"><b>Editor del sitio web :<\/b><\/p>\n<p class=\"p2\"><b>Empresa KINGSPIRIT  <\/b><br \/>\n22, rue Saint Antoine &#8211; 16 000 ANGOULEME<\/p>\n<p class=\"p2\">Correo. contact@kingspirit.fr \/ Sitio : www.kingspirit.com<br \/>\nN\u00famero SIRET: 81185135100015<br \/>\nN\u00famero de IVA intracomunitario: FR&#8230;..<\/p>\n<p class=\"p3\"><b>Director de la publicaci\u00f3n:<br \/>\n<\/b>Raynal GEOFFROY &#8211; Presidente de KINGSPIRIT<\/p>\n<p class=\"p3\"><b>Dise\u00f1o y producci\u00f3n:<br \/>\n<\/b><span style=\"font-family: -apple-system, BlinkMacSystemFont, 'Segoe UI', Roboto, Oxygen-Sans, Ubuntu, Cantarell, 'Helvetica Neue', sans-serif;\">Idealcoms s.a.r.l &#8211; SIRET42252307600038<br \/>\n<\/span>9 boulevard de Bretagne, 16000 Angoul\u00eame<br \/>\n05 45 90 97 95<br \/>\n<a href=\"https:\/\/www.idealcoms.net\/\"><span class=\"s1\">www.idealcoms.net<\/span><\/a><\/p>\n<p class=\"p3\"><b>Alojamiento :<\/b><\/p>\n<p class=\"p2\">Infomaniak<br \/>\nAvenue de la Praille 26,<br \/>\n1227 Ginebra, SUIZA<br \/>\n<a href=\"https:\/\/www.infomaniak.com\/fr\/hebergement\/toutes-nos-offres\"><span class=\"s1\">www.infomaniak.com<\/span><\/a><\/p>\n<p class=\"p3\"><b>Derechos de autor y reproducci\u00f3n :<\/b><\/p>\n<p class=\"p2\">Todo este sitio est\u00e1 sujeto a la legislaci\u00f3n francesa e internacional sobre derechos de autor y propiedad intelectual.<br \/>\nToda reproducci\u00f3n total o parcial de este contenido (o del contenido) est\u00e1 estrictamente prohibida sin autorizaci\u00f3n expresa y previa de la Sociedad Idealcoms y es susceptible de constituir un delito de falsificaci\u00f3n (C\u00f3digo de la Propiedad Intelectual). El acceso a nuestro sitio le da derecho a un uso privado y no exclusivo de su contenido. Todos los logotipos, elementos visuales y marcas comerciales que aparecen en las p\u00e1ginas son propiedad de sus respectivos due\u00f1os.<\/p>\n<p class=\"p3\"><b>Hiperenlaces :<\/b><\/p>\n<p class=\"p2\">Cualquier creaci\u00f3n de un enlace de hipertexto al sitio web<span class=\"Apple-converted-space\">  <\/span><a href=\"https:\/\/www.kingspirit.com\/es\/\"><br \/>\n  <span class=\"s2\">www.kingspirit.fr<\/span><br \/>\n<\/a> es gratuito. La existencia de un enlace de hipertexto desde el sitio web  <a href=\"https:\/\/www.kingspirit.com\/es\/\"><span class=\"s2\">www.kingspirit.fr<\/span><\/a>  El enlace a otro sitio no constituye una validaci\u00f3n de este sitio ni de su contenido, el editor no puede controlar el contenido de estos sitios y no se hace responsable de las informaciones, opiniones y recomendaciones formuladas por estos terceros.<\/p>\n<p class=\"p3\"><b>Fotos e ilustraciones :<\/b><\/p>\n<p class=\"p2\">Las fotos o ilustraciones que aparecen en las p\u00e1ginas son propiedad de sus respectivos due\u00f1os y est\u00e1n gestionadas por cada uno de ellos.<\/p>\n<p class=\"p3\"><b>Modificaci\u00f3n del aviso legal :<\/b><\/p>\n<p class=\"p2\">Tenga en cuenta que el Aviso Legal puede modificarse en cualquier momento. Estas modificaciones se publican mediante su puesta en l\u00ednea y se consideran aceptadas sin reservas cuando usted accede al Sitio despu\u00e9s de su puesta en l\u00ednea. Le recomendamos que consulte esta p\u00e1gina con regularidad.<\/p>\n<p>[\/vc_column_text][\/vc_column][\/vc_row]<\/p>\n<\/div>","protected":false},"excerpt":{"rendered":"<p>[vc_row row_height_percent=\u00bb0&#8243; override_padding=\u00bbyes\u00bb h_padding=\u00bb2&#8243; top_padding=\u00bb4&#8243; bottom_padding=\u00bb2&#8243; overlay_alpha=\u00bb50&#8243; gutter_size=\u00bb3&#8243; column_width_percent=\u00bb100&#8243; shift_y=\u00bb0&#8243; z_index=\u00bb0&#8243;][vc_column column_width_use_pixel=\u00bbyes\u00bb gutter_size=\u00bb3&#8243; style=\u00bblight\u00bb overlay_alpha=\u00bb50&#8243; shift_x=\u00bb0&#8243; shift_y=\u00bb0&#8243; shift_y_down=\u00bb0&#8243; z_index=\u00bb0&#8243; medium_width=\u00bb0&#8243; [&hellip;]<\/p>\n","protected":false},"author":1,"featured_media":0,"parent":0,"menu_order":0,"comment_status":"closed","ping_status":"closed","template":"","meta":{"_seopress_robots_primary_cat":"","_seopress_titles_title":"","_seopress_titles_desc":"","_seopress_robots_index":"s\u00ed","content-type":"","footnotes":""},"class_list":["post-119903","page","type-page","status-publish","hentry","page_category-reyes","page_category-agencia"],"_links":{"self":[{"href":"https:\/\/www.kingspirit.com\/es\/wp-json\/wp\/v2\/pages\/119903","targetHints":{"allow":["GET"]}}],"collection":[{"href":"https:\/\/www.kingspirit.com\/es\/wp-json\/wp\/v2\/pages"}],"about":[{"href":"https:\/\/www.kingspirit.com\/es\/wp-json\/wp\/v2\/types\/page"}],"author":[{"embeddable":true,"href":"https:\/\/www.kingspirit.com\/es\/wp-json\/wp\/v2\/users\/1"}],"replies":[{"embeddable":true,"href":"https:\/\/www.kingspirit.com\/es\/wp-json\/wp\/v2\/comments?post=119903"}],"version-history":[{"count":5,"href":"https:\/\/www.kingspirit.com\/es\/wp-json\/wp\/v2\/pages\/119903\/revisions"}],"predecessor-version":[{"id":121087,"href":"https:\/\/www.kingspirit.com\/es\/wp-json\/wp\/v2\/pages\/119903\/revisions\/121087"}],"wp:attachment":[{"href":"https:\/\/www.kingspirit.com\/es\/wp-json\/wp\/v2\/media?parent=119903"}],"curies":[{"name":"wp","href":"https:\/\/api.w.org\/{rel}","templated":true}]}}