{"id":120081,"date":"2021-04-05T22:03:52","date_gmt":"2021-04-05T20:03:52","guid":{"rendered":"https:\/\/www.kingspirit.com\/gamme\/conac-kings-club\/"},"modified":"2021-04-05T22:03:52","modified_gmt":"2021-04-05T20:03:52","slug":"cognac-kings-club","status":"publish","type":"product","link":"https:\/\/www.kingspirit.com\/es\/gama\/cognac-kings-club\/","title":{"rendered":"Co\u00f1ac Kings Club"},"content":{"rendered":"","protected":false},"excerpt":{"rendered":"<p>Somos pacientes porque conocemos el valor del tiempo.<\/p>\n","protected":false},"featured_media":119772,"comment_status":"closed","ping_status":"closed","template":"","meta":{"_seopress_robots_primary_cat":"none","_seopress_titles_title":"Kingspirit XXO Cognac hors d'Age | Kings Club Cognac","_seopress_titles_desc":"El co\u00f1ac X.X.O Hors d'\u00e2ge es oficialmente un co\u00f1ac envejecido durante un m\u00ednimo de 14 a\u00f1os en barricas de roble. Descubra Kingspirit's en un decantador excepcional y sea un privilegiado.","_seopress_robots_index":"","content-type":""},"product_brand":[],"product_cat":[198],"product_tag":[],"class_list":{"0":"post-120081","1":"product","2":"type-product","3":"status-publish","4":"has-post-thumbnail","6":"product_cat-gama","8":"first","9":"instock","10":"taxable","11":"shipping-taxable","12":"purchasable","13":"product-type-simple"},"_links":{"self":[{"href":"https:\/\/www.kingspirit.com\/es\/wp-json\/wp\/v2\/product\/120081","targetHints":{"allow":["GET"]}}],"collection":[{"href":"https:\/\/www.kingspirit.com\/es\/wp-json\/wp\/v2\/product"}],"about":[{"href":"https:\/\/www.kingspirit.com\/es\/wp-json\/wp\/v2\/types\/product"}],"replies":[{"embeddable":true,"href":"https:\/\/www.kingspirit.com\/es\/wp-json\/wp\/v2\/comments?post=120081"}],"wp:featuredmedia":[{"embeddable":true,"href":"https:\/\/www.kingspirit.com\/es\/wp-json\/wp\/v2\/media\/119772"}],"wp:attachment":[{"href":"https:\/\/www.kingspirit.com\/es\/wp-json\/wp\/v2\/media?parent=120081"}],"wp:term":[{"taxonomy":"product_brand","embeddable":true,"href":"https:\/\/www.kingspirit.com\/es\/wp-json\/wp\/v2\/product_brand?post=120081"},{"taxonomy":"product_cat","embeddable":true,"href":"https:\/\/www.kingspirit.com\/es\/wp-json\/wp\/v2\/product_cat?post=120081"},{"taxonomy":"product_tag","embeddable":true,"href":"https:\/\/www.kingspirit.com\/es\/wp-json\/wp\/v2\/product_tag?post=120081"}],"curies":[{"name":"wp","href":"https:\/\/api.w.org\/{rel}","templated":true}]}}