{"id":120082,"date":"2021-01-20T18:39:43","date_gmt":"2021-01-20T17:39:43","guid":{"rendered":"https:\/\/www.kingspirit.com\/gamme\/ron-kikongo\/"},"modified":"2021-01-20T18:39:43","modified_gmt":"2021-01-20T17:39:43","slug":"ron-kikongo","status":"publish","type":"product","link":"https:\/\/www.kingspirit.com\/es\/gama\/ron-kikongo\/","title":{"rendered":"Ron Kikongo"},"content":{"rendered":"","protected":false},"excerpt":{"rendered":"<p>Exigimos tiempo para ser intensos y poderosos.<\/p>\n","protected":false},"featured_media":119752,"comment_status":"closed","ping_status":"closed","template":"","meta":{"_seopress_robots_primary_cat":"none","_seopress_titles_title":"Ron a\u00f1ejo - Rhum d'Exception | Rhum kikongo de kingspirit  ","_seopress_titles_desc":"Disfruta del excepcional Ron Viejo de Kingspirit y d\u00e9jate hechizar por sus notas vegetales de jugos especiados. El esp\u00edritu de la selva en un decantador excepcional que conservar\u00e1.","_seopress_robots_index":"","content-type":""},"product_brand":[],"product_cat":[198],"product_tag":[],"class_list":{"0":"post-120082","1":"product","2":"type-product","3":"status-publish","4":"has-post-thumbnail","6":"product_cat-gama","8":"first","9":"instock","10":"taxable","11":"shipping-taxable","12":"purchasable","13":"product-type-simple"},"_links":{"self":[{"href":"https:\/\/www.kingspirit.com\/es\/wp-json\/wp\/v2\/product\/120082","targetHints":{"allow":["GET"]}}],"collection":[{"href":"https:\/\/www.kingspirit.com\/es\/wp-json\/wp\/v2\/product"}],"about":[{"href":"https:\/\/www.kingspirit.com\/es\/wp-json\/wp\/v2\/types\/product"}],"replies":[{"embeddable":true,"href":"https:\/\/www.kingspirit.com\/es\/wp-json\/wp\/v2\/comments?post=120082"}],"wp:featuredmedia":[{"embeddable":true,"href":"https:\/\/www.kingspirit.com\/es\/wp-json\/wp\/v2\/media\/119752"}],"wp:attachment":[{"href":"https:\/\/www.kingspirit.com\/es\/wp-json\/wp\/v2\/media?parent=120082"}],"wp:term":[{"taxonomy":"product_brand","embeddable":true,"href":"https:\/\/www.kingspirit.com\/es\/wp-json\/wp\/v2\/product_brand?post=120082"},{"taxonomy":"product_cat","embeddable":true,"href":"https:\/\/www.kingspirit.com\/es\/wp-json\/wp\/v2\/product_cat?post=120082"},{"taxonomy":"product_tag","embeddable":true,"href":"https:\/\/www.kingspirit.com\/es\/wp-json\/wp\/v2\/product_tag?post=120082"}],"curies":[{"name":"wp","href":"https:\/\/api.w.org\/{rel}","templated":true}]}}