{"id":120083,"date":"2021-01-19T22:55:43","date_gmt":"2021-01-19T21:55:43","guid":{"rendered":"https:\/\/www.kingspirit.com\/gamme\/ginebra-royal-python\/"},"modified":"2021-01-19T22:55:43","modified_gmt":"2021-01-19T21:55:43","slug":"gin-royal-python","status":"publish","type":"product","link":"https:\/\/www.kingspirit.com\/es\/gama\/gin-royal-python\/","title":{"rendered":"Ginebra Royal Python"},"content":{"rendered":"","protected":false},"excerpt":{"rendered":"<p>Tenemos todo el tiempo del mundo, somos inmortales.<\/p>\n","protected":false},"featured_media":119782,"comment_status":"closed","ping_status":"closed","template":"","meta":{"_seopress_robots_primary_cat":"none","_seopress_titles_title":"Ginebra Kingspirit Royal Pyton","_seopress_titles_desc":"Pruebe Royal Pyton Gin, la excepcional ginebra de Kingspirit, y d\u00e9jese hechizar por la complejidad de su artesan\u00eda \u00fanica y excepcional.","_seopress_robots_index":"","content-type":""},"product_brand":[],"product_cat":[198],"product_tag":[],"class_list":{"0":"post-120083","1":"product","2":"type-product","3":"status-publish","4":"has-post-thumbnail","6":"product_cat-gama","8":"first","9":"instock","10":"taxable","11":"shipping-taxable","12":"purchasable","13":"product-type-simple"},"_links":{"self":[{"href":"https:\/\/www.kingspirit.com\/es\/wp-json\/wp\/v2\/product\/120083","targetHints":{"allow":["GET"]}}],"collection":[{"href":"https:\/\/www.kingspirit.com\/es\/wp-json\/wp\/v2\/product"}],"about":[{"href":"https:\/\/www.kingspirit.com\/es\/wp-json\/wp\/v2\/types\/product"}],"replies":[{"embeddable":true,"href":"https:\/\/www.kingspirit.com\/es\/wp-json\/wp\/v2\/comments?post=120083"}],"wp:featuredmedia":[{"embeddable":true,"href":"https:\/\/www.kingspirit.com\/es\/wp-json\/wp\/v2\/media\/119782"}],"wp:attachment":[{"href":"https:\/\/www.kingspirit.com\/es\/wp-json\/wp\/v2\/media?parent=120083"}],"wp:term":[{"taxonomy":"product_brand","embeddable":true,"href":"https:\/\/www.kingspirit.com\/es\/wp-json\/wp\/v2\/product_brand?post=120083"},{"taxonomy":"product_cat","embeddable":true,"href":"https:\/\/www.kingspirit.com\/es\/wp-json\/wp\/v2\/product_cat?post=120083"},{"taxonomy":"product_tag","embeddable":true,"href":"https:\/\/www.kingspirit.com\/es\/wp-json\/wp\/v2\/product_tag?post=120083"}],"curies":[{"name":"wp","href":"https:\/\/api.w.org\/{rel}","templated":true}]}}