{"id":120510,"date":"2022-11-21T20:13:06","date_gmt":"2022-11-21T19:13:06","guid":{"rendered":"https:\/\/www.kingspirit.com\/%d0%bb%d0%b8%d1%81%d1%82-%d0%bf%d1%80%d0%be%d0%b4%d1%83%d0%ba%d1%86%d0%b8%d0%b8-jfk-rum\/"},"modified":"2024-06-13T12:28:17","modified_gmt":"2024-06-13T10:28:17","slug":"%d0%bb%d0%b8%d1%81%d1%82-%d0%bf%d1%80%d0%be%d0%b4%d1%83%d0%ba%d1%86%d0%b8%d0%b8-jfk-rum","status":"publish","type":"page","link":"https:\/\/www.kingspirit.com\/ru\/%d0%bb%d0%b8%d1%81%d1%82-%d0%bf%d1%80%d0%be%d0%b4%d1%83%d0%ba%d1%86%d0%b8%d0%b8-jfk-rum\/","title":{"rendered":"\u041b\u0438\u0441\u0442 \u043f\u0440\u043e\u0434\u0443\u043a\u0446\u0438\u0438 JFK Rum"},"content":{"rendered":"<div class=\"wpb-content-wrapper\"><p>[vc_row unlock_row_content=&#187;yes&#187; row_height_percent=&#187;0&#8243; override_padding=&#187;yes&#187; h_padding=&#187;3&#8243; top_padding=&#187;3&#8243; bottom_padding=&#187;4&#8243; overlay_alpha=&#187;50&#8243; gutter_size=&#187;3&#8243; column_width_percent=&#187;100&#8243; shift_y=&#187;0&#8243; z_index=&#187;0&#8243; enable_bottom_divider=&#187;default&#187; bottom_divider_inv=&#187;gradient&#187; shape_bottom_invert=&#187;yes&#187; shape_bottom_h_use_pixel=&#187;&#187; shape_bottom_height=&#187;150&#8243; shape_bottom_color=&#187;color-xsdn&#187; shape_bottom_opacity=&#187;100&#8243; shape_bottom_index=&#187;0&#8243; uncode_shortcode_id=&#187;159074&#8243; back_color_type=&#187;uncode-gradient&#187; shape_bottom_color_type=&#187;uncode-palette&#187; back_color_gradient=&#187;{&#171;css&#171;:&#171;background: linear-gradient(to right , rgb(238, 238, 238) 29% , rgba(218, 174, 62, 0.15) 99%);&#171;,&#171;sliders&#171;:`{`{&#171;color&#171;:&#171;rgb(238, 238, 238)&#171;,&#171;position&#171;:29},{&#171;color&#171;:&#171;rgba(218, 174, 62, 0.15)&#171;,&#171;position&#171;:99}`}`,&#171;type&#171;:&#171;linear&#171;,&#171;direction&#171;:&#171;left&#171;}&#187;][vc_column column_width_percent=&#187;100&#8243; gutter_size=&#187;3&#8243; overlay_alpha=&#187;50&#8243; shift_x=&#187;0&#8243; shift_y=&#187;0&#8243; shift_y_down=&#187;0&#8243; z_index=&#187;0&#8243; medium_width=&#187;0&#8243; mobile_width=&#187;0&#8243; width=&#187;1\/1&#8243;][vc_row_inner row_inner_height_percent=&#187;0&#8243; overlay_alpha=&#187;50&#8243; gutter_size=&#187;4&#8243; shift_y=&#187;0&#8243; z_index=&#187;0&#8243; inverted_device_order=&#187;yes&#187; uncode_shortcode_id=&#187;197246&#8243;][vc_column_inner column_width_use_pixel=&#187;yes&#187; position_horizontal=&#187;right&#187; align_horizontal=&#187;align_right&#187; gutter_size=&#187;2&#8243; style=&#187;light&#187; overlay_alpha=&#187;50&#8243; shift_x=&#187;0&#8243; shift_y=&#187;0&#8243; shift_y_down=&#187;0&#8243; z_index=&#187;0&#8243; medium_width=&#187;4&#8243; align_mobile=&#187;align_center_mobile&#187; mobile_width=&#187;0&#8243; width=&#187;1\/2&#8243; uncode_shortcode_id=&#187;142634&#8243; column_width_pixel=&#187;460&#8243;][vc_custom_heading text_color=&#187;color-prif&#187; heading_semantic=&#187;p&#187; text_font=&#187;font-171029&#8243; text_weight=&#187;500&#8243; uncode_shortcode_id=&#187;203446&#8243; text_color_type=&#187;uncode-palette&#187;]\u041f\u043e\u043b\u0438\u0433\u043e\u043d Just For Kings (JFK)[\/vc_custom_heading][vc_custom_heading text_color=&#187;accent&#187; heading_semantic=&#187;h1&#8243; text_font=&#187;font-171029&#8243; text_weight=&#187;500&#8243; uncode_shortcode_id=&#187;548142&#8243; text_color_type=&#187;uncode-palette&#187;]Kikongo, Jungle Rum[\/vc_custom_heading][vc_separator sep_color=&#187;color-uydo&#187; uncode_shortcode_id=&#187;275051&#8243; sep_color_type=&#187;uncode-palette&#187; el_height=&#187;1px&#187;][vc_column_text text_color=&#187;color-prif&#187; uncode_shortcode_id=&#187;838075&#8243; text_color_type=&#187;uncode-palette&#187;]\u042d\u0442\u043e\u0442 \u0440\u043e\u043c \u0438\u0437 \u042e\u0436\u043d\u043e\u0439 \u0410\u0444\u0440\u0438\u043a\u0438 \u0433\u0430\u0440\u0430\u043d\u0442\u0438\u0440\u0443\u0435\u0442 \u044d\u043a\u0437\u043e\u0442\u0438\u0447\u0435\u0441\u043a\u043e\u0435 \u043f\u0443\u0442\u0435\u0448\u0435\u0441\u0442\u0432\u0438\u0435 \u0434\u043b\u044f \u0437\u043d\u0430\u043a\u043e\u043c\u0441\u0442\u0432\u0430 \u0441 \u043c\u043e\u0449\u043d\u044b\u043c\u0438 \u0438 \u0449\u0435\u0434\u0440\u044b\u043c\u0438 \u0430\u0440\u043e\u043c\u0430\u0442\u0430\u043c\u0438. \u041a\u0443\u043f\u0430\u0436, \u0432\u044b\u0434\u0435\u0440\u0436\u0430\u043d\u043d\u044b\u0439 \u0432 \u0431\u043e\u0447\u043a\u0430\u0445 \u0438\u0437-\u043f\u043e\u0434 \u043a\u043e\u043d\u044c\u044f\u043a\u0430.[\/vc_column_text][vc_single_image media=&#187;121471&#8243; media_width_use_pixel=&#187;yes&#187; alignment=&#187;right&#187; shape=&#187;img-round&#187; uncode_shortcode_id=&#187;104974&#8243; media_width_pixel=&#187;360&#8243;][vc_empty_space empty_h=&#187;1&#8243;][vc_custom_heading text_color=&#187;color-prif&#187; heading_semantic=&#187;p&#187; text_font=&#187;font-175345&#8243; text_size=&#187;h6&#8243; text_weight=&#187;500&#8243; uncode_shortcode_id=&#187;632318&#8243; text_color_type=&#187;uncode-palette&#187;]\u0420\u0430\u0441\u043f\u0440\u043e\u0441\u0442\u0440\u0430\u043d\u0435\u043d\u0438\u0435 \/ \u043a\u043e\u043d\u0442\u0430\u043a\u0442 :[\/vc_custom_heading][vc_column_text text_lead=&#187;small&#187; uncode_shortcode_id=&#187;178238&#8243;]\u0421\u0415\u041c\u042c\u042f \u041a\u0410\u0411\u0410\u041d\u041d<br \/>\n\u0420\u0430\u0441\u043f\u0440\u0435\u0434\u0435\u043b\u0435\u043d\u0438\u0435 \u0425\u043e\u043a\u0438\u043d\u0441\u0430<br \/>\n5, Chemin du Maine Gaillard<br \/>\n16200 \u0411\u0423\u0420-\u0428\u0410\u0420\u0410\u041d\u0422\u0410 &#8212; \u0424\u0420\u0410\u041d\u0426\u0418\u042f[\/vc_column_text][vc_button border_width=&#187;0&#8243; icon_position=&#187;right&#187; link=&#187;url:%23formpro|title:%D0%A1%D0%B2%D1%8F%D0%B6%D0%B8%D1%82%D0%B5%D1%81%D1%8C%20%D1%81%20%D0%BD%D0%B0%D0%BC%D0%B8|rel:nofollow|&#187; uncode_shortcode_id=&#187;102220&#8243; icon=&#187;fa fa-envelope-o&#187;]\u0421\u0432\u044f\u0436\u0438\u0442\u0435\u0441\u044c \u0441 \u043d\u0430\u043c\u0438[\/vc_button][\/vc_column_inner][vc_column_inner column_width_use_pixel=&#187;yes&#187; gutter_size=&#187;3&#8243; override_padding=&#187;yes&#187; column_padding=&#187;1&#8243; overlay_alpha=&#187;50&#8243; shift_x=&#187;0&#8243; shift_y=&#187;-5&#8243; shift_y_fixed=&#187;yes&#187; shift_y_down=&#187;0&#8243; z_index=&#187;0&#8243; medium_width=&#187;2&#8243; mobile_width=&#187;0&#8243; css_animation=&#187;bottom-t-top&#187; animation_speed=&#187;800&#8243; animation_delay=&#187;500&#8243; width=&#187;1\/2&#8243; uncode_shortcode_id=&#187;121422&#8243; column_width_pixel=&#187;800&#8243;][vc_single_image media=&#187;92445&#8243; media_width_use_pixel=&#187;yes&#187; uncode_shortcode_id=&#187;159932&#8243; media_width_pixel=&#187;320&#8243;][\/vc_column_inner][\/vc_row_inner][\/vc_column][\/vc_row][vc_row][vc_column width=&#187;1\/1&#8243;][uncode_block id=&#187;92720&#8243;][\/vc_column][\/vc_row][vc_row][vc_column width=&#187;1\/1&#8243;][uncode_block id=&#187;93613&#8243;][\/vc_column][\/vc_row]<\/p>\n<\/div>","protected":false},"excerpt":{"rendered":"<p>[vc_row unlock_row_content=&#187;yes&#187; row_height_percent=&#187;0&#8243; override_padding=&#187;yes&#187; h_padding=&#187;3&#8243; top_padding=&#187;3&#8243; bottom_padding=&#187;4&#8243; overlay_alpha=&#187;50&#8243; gutter_size=&#187;3&#8243; column_width_percent=&#187;100&#8243; shift_y=&#187;0&#8243; z_index=&#187;0&#8243; enable_bottom_divider=&#187;default&#187; bottom_divider_inv=&#187;gradient&#187; shape_bottom_invert=&#187;yes&#187; shape_bottom_h_use_pixel=&#187;&#187; shape_bottom_height=&#187;150&#8243; shape_bottom_color=&#187;color-xsdn&#187; shape_bottom_opacity=&#187;100&#8243; shape_bottom_index=&#187;0&#8243; [&hellip;]<\/p>\n","protected":false},"author":1,"featured_media":0,"parent":0,"menu_order":0,"comment_status":"closed","ping_status":"closed","template":"","meta":{"_seopress_robots_primary_cat":"","_seopress_titles_title":"Bouteille de rhum | Gamme JFK | Kinspirit","_seopress_titles_desc":"D\u00e9couvrez un Rhum ambr\u00e9 originaire d\u2019Afrique du Sud, la garantie d\u2019un voyage exotique \u00e0 la rencontre de saveurs puissantes et g\u00e9n\u00e9reuses. Assemblage affin\u00e9 en f\u00fbts de Cognac","_seopress_robots_index":"","content-type":"","footnotes":""},"class_list":["post-120510","page","type-page","status-publish","hentry"],"_links":{"self":[{"href":"https:\/\/www.kingspirit.com\/ru\/wp-json\/wp\/v2\/pages\/120510","targetHints":{"allow":["GET"]}}],"collection":[{"href":"https:\/\/www.kingspirit.com\/ru\/wp-json\/wp\/v2\/pages"}],"about":[{"href":"https:\/\/www.kingspirit.com\/ru\/wp-json\/wp\/v2\/types\/page"}],"author":[{"embeddable":true,"href":"https:\/\/www.kingspirit.com\/ru\/wp-json\/wp\/v2\/users\/1"}],"replies":[{"embeddable":true,"href":"https:\/\/www.kingspirit.com\/ru\/wp-json\/wp\/v2\/comments?post=120510"}],"version-history":[{"count":5,"href":"https:\/\/www.kingspirit.com\/ru\/wp-json\/wp\/v2\/pages\/120510\/revisions"}],"predecessor-version":[{"id":121517,"href":"https:\/\/www.kingspirit.com\/ru\/wp-json\/wp\/v2\/pages\/120510\/revisions\/121517"}],"wp:attachment":[{"href":"https:\/\/www.kingspirit.com\/ru\/wp-json\/wp\/v2\/media?parent=120510"}],"curies":[{"name":"wp","href":"https:\/\/api.w.org\/{rel}","templated":true}]}}